{"id":830,"date":"2015-08-25T23:17:15","date_gmt":"2015-08-25T23:17:15","guid":{"rendered":"http:\/\/www.popweb.com.ar\/demo\/?page_id=830"},"modified":"2015-09-01T03:31:26","modified_gmt":"2015-09-01T03:31:26","slug":"sobre-nosotros","status":"publish","type":"page","link":"https:\/\/www.popweb.com.ar\/demo\/sobre-nosotros\/","title":{"rendered":"Sobre este Sitio Web"},"content":{"rendered":"<p style=\"text-align: justify;\">Este\u00a0modelo es ideal para la presentaci\u00f3n online de empresas modernas, que necesiten presentarse de manera eficaz y elegante ante clientes, proveedores y relaciones comerciales en todo nivel.<\/p>\r\n<p style=\"text-align: justify;\">Est\u00e1 desarrollado en base a los m\u00e1s rigurosos criterios de funcionalidad y adaptabilidad, permitiendo su accesibilidad desde cualquier teminal, fija o m\u00f3vil y desde cualquier lugar del mundo.<\/p>\r\n\r\n<h3 style=\"text-align: justify;\">Con la suscripci\u00f3n a este sitio obtendr\u00e1<\/h3>\r\n<ul>\r\n\t<li style=\"text-align: justify;\">3 Cuentas de Correo Electr\u00f3nico personalizadas @suempresa<\/li>\r\n\t<li style=\"text-align: justify;\">1 Dominio COM o COM.AR de regalo<\/li>\r\n\t<li style=\"text-align: justify;\">Im\u00e1genes de Cat\u00e1logos profesionales para la decoraci\u00f3n de portada, galer\u00edas y slideshows<\/li>\r\n\t<li style=\"text-align: justify;\">Puesta en funcionamiento inmediata (m\u00e1ximo 48 hs)<\/li>\r\n<\/ul>\r\n<h3 style=\"text-align: justify;\">Caracter\u00edsticas T\u00e9cnicas<\/h3>\r\n<ul>\r\n\t<li style=\"text-align: justify;\">Plataforma WordPress para potenciales expansiones en contenido y gesti\u00f3n<\/li>\r\n\t<li style=\"text-align: justify;\">Backup permanente de datos<\/li>\r\n\t<li style=\"text-align: justify;\">Soporte T\u00e9cnico permanente telef\u00f3nico o personalizado<\/li>\r\n<\/ul>\r\n<p style=\"text-align: justify;\">Suscr\u00edbase hoy y comience a disfrutar de las ventajas de disponer el m\u00e1s importante medio de comunicaci\u00f3n actual.<\/p>","protected":false},"excerpt":{"rendered":"<p>Este\u00a0modelo es ideal para la presentaci\u00f3n online de empresas modernas, que necesiten presentarse de manera eficaz y elegante ante clientes, proveedores y relaciones comerciales en todo nivel. Est\u00e1 desarrollado en base a los m\u00e1s rigurosos criterios de funcionalidad y adaptabilidad, permitiendo su accesibilidad desde cualquier teminal, fija o m\u00f3vil y desde cualquier lugar del mundo. [&hellip;]<\/p>\n","protected":false},"author":1,"featured_media":0,"parent":0,"menu_order":0,"comment_status":"closed","ping_status":"closed","template":"","meta":[],"_links":{"self":[{"href":"https:\/\/www.popweb.com.ar\/demo\/wp-json\/wp\/v2\/pages\/830"}],"collection":[{"href":"https:\/\/www.popweb.com.ar\/demo\/wp-json\/wp\/v2\/pages"}],"about":[{"href":"https:\/\/www.popweb.com.ar\/demo\/wp-json\/wp\/v2\/types\/page"}],"author":[{"embeddable":true,"href":"https:\/\/www.popweb.com.ar\/demo\/wp-json\/wp\/v2\/users\/1"}],"replies":[{"embeddable":true,"href":"https:\/\/www.popweb.com.ar\/demo\/wp-json\/wp\/v2\/comments?post=830"}],"version-history":[{"count":8,"href":"https:\/\/www.popweb.com.ar\/demo\/wp-json\/wp\/v2\/pages\/830\/revisions"}],"predecessor-version":[{"id":855,"href":"https:\/\/www.popweb.com.ar\/demo\/wp-json\/wp\/v2\/pages\/830\/revisions\/855"}],"wp:attachment":[{"href":"https:\/\/www.popweb.com.ar\/demo\/wp-json\/wp\/v2\/media?parent=830"}],"curies":[{"name":"wp","href":"https:\/\/api.w.org\/{rel}","templated":true}]}}